{"id":33,"date":"2014-04-04T11:54:22","date_gmt":"2014-04-04T09:54:22","guid":{"rendered":"http:\/\/www.lehrpraxis.or.at\/?page_id=33"},"modified":"2024-01-21T10:58:32","modified_gmt":"2024-01-21T08:58:32","slug":"erreichbarkeit","status":"publish","type":"page","link":"https:\/\/www.lehrpraxis.or.at\/?page_id=33","title":{"rendered":"Erreichbarkeit"},"content":{"rendered":"<h1><img loading=\"lazy\" class=\"alignleft size-full wp-image-452\" src=\"http:\/\/www.lehrpraxis.or.at\/michaelwendler\/wp-content\/uploads\/2014\/05\/telefon-icon.png\" alt=\"Telefon Icon\" width=\"50\" height=\"50\" \/>Telefon \/ Fax:<\/h1>\n<p><strong>(0316) 691950, Fax Nebenstelle 4<\/strong><\/p>\n<h1><img loading=\"lazy\" class=\"alignleft size-full wp-image-450\" src=\"http:\/\/www.lehrpraxis.or.at\/michaelwendler\/wp-content\/uploads\/2014\/05\/mail-icon.png\" alt=\"Post Icon\" width=\"50\" height=\"50\" \/>Postanschrift:<\/h1>\n<p><strong>St.-Veiter-Stra\u00dfe 32, 8046 Graz<\/strong><\/p>\n<h1><img loading=\"lazy\" class=\"alignleft size-full wp-image-443\" src=\"http:\/\/www.lehrpraxis.or.at\/michaelwendler\/wp-content\/uploads\/2014\/05\/anfahrt-icon.png\" alt=\"Anfahrt Icon\" width=\"50\" height=\"50\" \/>Per Pedes:<\/h1>\n<p><iframe loading=\"lazy\" style=\"border: 1px solid black;\" src=\"http:\/\/www.openstreetmap.org\/export\/embed.html?bbox=15.415644943714142%2C47.11306860133324%2C15.418238639831543%2C47.114793564512084&amp;layer=mapnik&amp;marker=47.11393108991181%2C15.416941791772842\" width=\"425\" height=\"350\" frameborder=\"0\" marginwidth=\"0\" marginheight=\"0\" scrolling=\"no\"><\/iframe><br \/><img loading=\"lazy\" class=\"alignleft size-full wp-image-451\" src=\"http:\/\/www.lehrpraxis.or.at\/michaelwendler\/wp-content\/uploads\/2014\/05\/parken-icon.png\" alt=\"Parken Icon\" width=\"50\" height=\"50\" \/><small><a href=\"http:\/\/www.openstreetmap.org\/?mlat=47.11393&amp;mlon=15.41694#map=19\/47.11393\/15.41694\">View Larger Map<\/a><\/small><br \/><strong>Kleiner Parkplatz vor Ordination.<\/strong><\/p>\n<h1><img loading=\"lazy\" class=\"alignleft size-full wp-image-446\" src=\"http:\/\/www.lehrpraxis.or.at\/michaelwendler\/wp-content\/uploads\/2014\/05\/bus-icon.png\" alt=\"Bus Icon\" width=\"50\" height=\"50\" \/>Mit den \u00d6ffis:<\/h1>\n<p><strong>Buslinie 53: Im Hoffeld.<\/strong><\/p>\n\n\n<p>Sollten Sie haus\u00e4rztliche Versorgung au\u00dferhalb der Ordinationszeiten ben\u00f6tigen,<strong> Rufen Sie 1450 <\/strong>oder informieren Sie sich \u00fcber <a rel=\"noreferrer noopener\" href=\"https:\/\/ordinationen.st\" target=\"_blank\">https:\/\/ordinationen.st<\/a>, welche Ordinationen in der N\u00e4he ge\u00f6ffnet haben<\/p>\n","protected":false},"excerpt":{"rendered":"<p>Telefon \/ Fax: (0316) 691950, Fax Nebenstelle 4 Postanschrift: St.-Veiter-Stra\u00dfe 32, 8046 Graz Per Pedes: View Larger MapKleiner Parkplatz vor Ordination. Mit den \u00d6ffis: Buslinie 53: Im Hoffeld. Sollten Sie haus\u00e4rztliche Versorgung au\u00dferhalb der Ordinationszeiten ben\u00f6tigen, Rufen Sie 1450 oder informieren Sie sich \u00fcber https:\/\/ordinationen.st, welche Ordinationen in der N\u00e4he ge\u00f6ffnet haben<\/p>\n","protected":false},"author":1,"featured_media":336,"parent":13,"menu_order":0,"comment_status":"closed","ping_status":"closed","template":"page-templates\/full-width.php","meta":[],"_links":{"self":[{"href":"https:\/\/www.lehrpraxis.or.at\/index.php?rest_route=\/wp\/v2\/pages\/33"}],"collection":[{"href":"https:\/\/www.lehrpraxis.or.at\/index.php?rest_route=\/wp\/v2\/pages"}],"about":[{"href":"https:\/\/www.lehrpraxis.or.at\/index.php?rest_route=\/wp\/v2\/types\/page"}],"author":[{"embeddable":true,"href":"https:\/\/www.lehrpraxis.or.at\/index.php?rest_route=\/wp\/v2\/users\/1"}],"replies":[{"embeddable":true,"href":"https:\/\/www.lehrpraxis.or.at\/index.php?rest_route=%2Fwp%2Fv2%2Fcomments&post=33"}],"version-history":[{"count":14,"href":"https:\/\/www.lehrpraxis.or.at\/index.php?rest_route=\/wp\/v2\/pages\/33\/revisions"}],"predecessor-version":[{"id":4512,"href":"https:\/\/www.lehrpraxis.or.at\/index.php?rest_route=\/wp\/v2\/pages\/33\/revisions\/4512"}],"up":[{"embeddable":true,"href":"https:\/\/www.lehrpraxis.or.at\/index.php?rest_route=\/wp\/v2\/pages\/13"}],"wp:featuredmedia":[{"embeddable":true,"href":"https:\/\/www.lehrpraxis.or.at\/index.php?rest_route=\/wp\/v2\/media\/336"}],"wp:attachment":[{"href":"https:\/\/www.lehrpraxis.or.at\/index.php?rest_route=%2Fwp%2Fv2%2Fmedia&parent=33"}],"curies":[{"name":"wp","href":"https:\/\/api.w.org\/{rel}","templated":true}]}}