{"id":4292,"date":"2022-03-13T15:22:59","date_gmt":"2022-03-13T13:22:59","guid":{"rendered":"https:\/\/www.lehrpraxis.or.at\/?page_id=4292"},"modified":"2022-03-16T07:32:02","modified_gmt":"2022-03-16T05:32:02","slug":"ordination-dr-wendler","status":"publish","type":"page","link":"https:\/\/www.lehrpraxis.or.at\/?page_id=4292","title":{"rendered":"Ordination Dr. Wendler"},"content":{"rendered":"\n<p class=\"has-text-align-center has-large-font-size\"><strong>Herzlich Willkommen.<\/strong><\/p>\n\n\n\n<figure class=\"wp-block-image size-large is-style-rounded\"><a href=\"https:\/\/www.lehrpraxis.or.at\/michaelwendler\/wp-content\/uploads\/2022\/03\/StaffeluebergabeMaria-gedreht.jpg\"><img loading=\"lazy\" width=\"1024\" height=\"745\" src=\"https:\/\/www.lehrpraxis.or.at\/michaelwendler\/wp-content\/uploads\/2022\/03\/StaffeluebergabeMaria-gedreht-1024x745.jpg\" alt=\"\u00dcbergabeOrdinationMaria\" class=\"wp-image-4306\" srcset=\"https:\/\/www.lehrpraxis.or.at\/michaelwendler\/wp-content\/uploads\/2022\/03\/StaffeluebergabeMaria-gedreht-1024x745.jpg 1024w, https:\/\/www.lehrpraxis.or.at\/michaelwendler\/wp-content\/uploads\/2022\/03\/StaffeluebergabeMaria-gedreht-300x218.jpg 300w, https:\/\/www.lehrpraxis.or.at\/michaelwendler\/wp-content\/uploads\/2022\/03\/StaffeluebergabeMaria-gedreht-768x559.jpg 768w, https:\/\/www.lehrpraxis.or.at\/michaelwendler\/wp-content\/uploads\/2022\/03\/StaffeluebergabeMaria-gedreht.jpg 1208w\" sizes=\"(max-width: 1024px) 100vw, 1024px\" \/><\/a><\/figure>\n\n\n\n<p class=\"has-text-align-center has-large-font-size\"><em><strong>WIR SIND F\u00dcR SIE DA!<\/strong><\/em><\/p>\n\n\n<hr \/>\n<h6 style=\"text-align: center;\"><a href=\"https:\/\/www.lehrpraxis.or.at\/?cat=206\">Dr. Maria Wendler<\/a><br \/>\u00c4rztin f\u00fcr Allgemeinmedizin<br \/>Alle Kassen<\/h6>\n<hr \/>\n<h6 style=\"text-align: center;\"><a href=\"https:\/\/www.lehrpraxis.or.at\/?cat=23\">Dr. Michael Wendler<\/a><br \/>Arzt f\u00fcr Allgemeinmedizin<br \/>Wahlarzt<\/h6>\n<hr \/>\n<h1 style=\"text-align: center;\"><a href=\"http:\/\/www.lehrpraxis.or.at\/?page_id=33\"><img loading=\"lazy\" class=\"alignnone size-full wp-image-556\" src=\"http:\/\/www.lehrpraxis.or.at\/michaelwendler\/wp-content\/uploads\/2014\/05\/right-icon.png\" alt=\"Right Icon\" width=\"15\" height=\"15\" \/><\/a> <strong><a title=\"Ordination Dr. Wendler\" href=\"http:\/\/www.lehrpraxis.or.at\/?page_id=33\">Ordination Dr. Wendler <\/a><\/strong><\/h1>\n<p style=\"text-align: center;\">Covid-19: <a href=\"http:\/\/www.lehrpraxis.or.at\/?cat=192\">WICHTIGE INFORMATION!<\/a><\/p>\n<hr \/>","protected":false},"excerpt":{"rendered":"<p>Herzlich Willkommen. WIR SIND F\u00dcR SIE DA! Dr. Maria Wendler\u00c4rztin f\u00fcr AllgemeinmedizinAlle Kassen Dr. Michael WendlerArzt f\u00fcr AllgemeinmedizinWahlarzt Ordination Dr. Wendler Covid-19: WICHTIGE INFORMATION!<\/p>\n","protected":false},"author":1,"featured_media":336,"parent":0,"menu_order":0,"comment_status":"closed","ping_status":"closed","template":"","meta":[],"_links":{"self":[{"href":"https:\/\/www.lehrpraxis.or.at\/index.php?rest_route=\/wp\/v2\/pages\/4292"}],"collection":[{"href":"https:\/\/www.lehrpraxis.or.at\/index.php?rest_route=\/wp\/v2\/pages"}],"about":[{"href":"https:\/\/www.lehrpraxis.or.at\/index.php?rest_route=\/wp\/v2\/types\/page"}],"author":[{"embeddable":true,"href":"https:\/\/www.lehrpraxis.or.at\/index.php?rest_route=\/wp\/v2\/users\/1"}],"replies":[{"embeddable":true,"href":"https:\/\/www.lehrpraxis.or.at\/index.php?rest_route=%2Fwp%2Fv2%2Fcomments&post=4292"}],"version-history":[{"count":9,"href":"https:\/\/www.lehrpraxis.or.at\/index.php?rest_route=\/wp\/v2\/pages\/4292\/revisions"}],"predecessor-version":[{"id":4318,"href":"https:\/\/www.lehrpraxis.or.at\/index.php?rest_route=\/wp\/v2\/pages\/4292\/revisions\/4318"}],"wp:featuredmedia":[{"embeddable":true,"href":"https:\/\/www.lehrpraxis.or.at\/index.php?rest_route=\/wp\/v2\/media\/336"}],"wp:attachment":[{"href":"https:\/\/www.lehrpraxis.or.at\/index.php?rest_route=%2Fwp%2Fv2%2Fmedia&parent=4292"}],"curies":[{"name":"wp","href":"https:\/\/api.w.org\/{rel}","templated":true}]}}