{"id":863,"date":"2014-06-10T09:19:13","date_gmt":"2014-06-10T07:19:13","guid":{"rendered":"http:\/\/www.lehrpraxis.or.at\/?page_id=863"},"modified":"2014-06-10T16:43:01","modified_gmt":"2014-06-10T14:43:01","slug":"buecher","status":"publish","type":"page","link":"https:\/\/www.lehrpraxis.or.at\/?page_id=863","title":{"rendered":"B\u00fccher"},"content":{"rendered":"<h1 style=\"text-align: justify;\">Empfehlenswerte Literatur<\/h1>\n<h4>Vorhanden in unserem Ordinations-Handapparat.<\/h4>\n<p style=\"text-align: justify;\">Vor allem f\u00fcr die Studierenden der Medizin haben wir einige B\u00fccher in unserem Leserregal, die sicher nicht nur f\u00fcr die interessant sind, die sich nur f\u00fcr die Allgemeinmedizin entscheiden, sondern \u00e4rztliches Handeln allgemein breiter beleuchten.<\/p>\n<p style=\"text-align: center;\">Rezensionen der B\u00fccher finden Sie <a href=\"http:\/\/www.lehrpraxis.or.at\/?cat=137\"><img loading=\"lazy\" class=\"alignnone size-full wp-image-556\" src=\"http:\/\/www.lehrpraxis.or.at\/michaelwendler\/wp-content\/uploads\/2014\/05\/right-icon.png\" alt=\"Right Icon\" width=\"15\" height=\"15\" \/><\/a> <a title=\"B\u00fccher\" href=\"http:\/\/www.lehrpraxis.or.at\/?cat=137\">hier<\/a>.<\/p>\n<ul class=\"display-posts-listing\"><li class=\"listing-item\"><a class=\"title\" href=\"https:\/\/www.lehrpraxis.or.at\/?p=1323\">Ganzheitliche Allgemeinmedizin<\/a><\/li><li class=\"listing-item\"><a class=\"title\" href=\"https:\/\/www.lehrpraxis.or.at\/?p=986\">Mein Arztroman<\/a><\/li><\/ul>\n","protected":false},"excerpt":{"rendered":"<p>Empfehlenswerte Literatur Vorhanden in unserem Ordinations-Handapparat. Vor allem f\u00fcr die Studierenden der Medizin haben wir einige B\u00fccher in unserem Leserregal, die sicher nicht nur f\u00fcr die interessant sind, die sich nur f\u00fcr die Allgemeinmedizin entscheiden, sondern \u00e4rztliches Handeln allgemein breiter beleuchten. Rezensionen der B\u00fccher finden Sie hier.<\/p>\n","protected":false},"author":1,"featured_media":887,"parent":10,"menu_order":0,"comment_status":"closed","ping_status":"closed","template":"","meta":[],"_links":{"self":[{"href":"https:\/\/www.lehrpraxis.or.at\/index.php?rest_route=\/wp\/v2\/pages\/863"}],"collection":[{"href":"https:\/\/www.lehrpraxis.or.at\/index.php?rest_route=\/wp\/v2\/pages"}],"about":[{"href":"https:\/\/www.lehrpraxis.or.at\/index.php?rest_route=\/wp\/v2\/types\/page"}],"author":[{"embeddable":true,"href":"https:\/\/www.lehrpraxis.or.at\/index.php?rest_route=\/wp\/v2\/users\/1"}],"replies":[{"embeddable":true,"href":"https:\/\/www.lehrpraxis.or.at\/index.php?rest_route=%2Fwp%2Fv2%2Fcomments&post=863"}],"version-history":[{"count":9,"href":"https:\/\/www.lehrpraxis.or.at\/index.php?rest_route=\/wp\/v2\/pages\/863\/revisions"}],"predecessor-version":[{"id":909,"href":"https:\/\/www.lehrpraxis.or.at\/index.php?rest_route=\/wp\/v2\/pages\/863\/revisions\/909"}],"up":[{"embeddable":true,"href":"https:\/\/www.lehrpraxis.or.at\/index.php?rest_route=\/wp\/v2\/pages\/10"}],"wp:featuredmedia":[{"embeddable":true,"href":"https:\/\/www.lehrpraxis.or.at\/index.php?rest_route=\/wp\/v2\/media\/887"}],"wp:attachment":[{"href":"https:\/\/www.lehrpraxis.or.at\/index.php?rest_route=%2Fwp%2Fv2%2Fmedia&parent=863"}],"curies":[{"name":"wp","href":"https:\/\/api.w.org\/{rel}","templated":true}]}}